{"id":18,"date":"2023-03-14T20:49:51","date_gmt":"2023-03-14T20:49:51","guid":{"rendered":"http:\/\/www.wiolettaborkowska.pl\/?page_id=18"},"modified":"2023-03-14T20:53:24","modified_gmt":"2023-03-14T20:53:24","slug":"aktualnosci","status":"publish","type":"page","link":"http:\/\/www.wiolettaborkowska.pl\/?page_id=18","title":{"rendered":"Aktualno\u015bci"},"content":{"rendered":"\n<p>Nab\u00f3r do grupy dla os\u00f3b z rodzin dysfunkcyjnych. Jest to grupa dla os\u00f3b doros\u0142ych, kt\u00f3re wychowa\u0142y si\u0119 w rodzinie, gdzie jeden lub obydwoje rodzic\u00f3w nadu\u017cywali alkoholu, w rodzinie z przemoc\u0105, nadu\u017cyciami fizycznymi, seksualnymi i emocjonalnymi. To grupa r\u00f3wnie\u017c dla os\u00f3b, kt\u00f3re maj\u0105 trudno\u015bci w obecnym doros\u0142ym \u017cyciu i ich \u017ar\u00f3d\u0142o dostrzegaj\u0105 w wychowywaniu si\u0119 w &#8222;trudnej&#8221; rodzinie. Spotkania grupy odbywaj\u0105 si\u0119 raz w tygodniu przez trzy godziny. Okres trwania grupy to okres roku. Grupa ma charakter zamkni\u0119ty, czyli w trakcie trwania spotka\u0144 nie dochodz\u0105 nowe osoby. To buduje atmosfer\u0119 bezpiecze\u0144stwa i otwartego m\u00f3wienia o swoich bolesnych do\u015bwiadczeniach. Aby uczestniczy\u0107 w grupie konieczna jest konsultacja psychologiczna w celu kwalifikacji do grupy.<\/p>\n\n\n\n<p>W tej chwili, nab\u00f3r jest wstrzymany.<\/p>\n","protected":false},"excerpt":{"rendered":"<p>Nab\u00f3r do grupy dla os\u00f3b z rodzin dysfunkcyjnych. Jest to grupa dla os\u00f3b doros\u0142ych, kt\u00f3re wychowa\u0142y si\u0119 w rodzinie, gdzie jeden lub obydwoje rodzic\u00f3w nadu\u017cywali alkoholu, w rodzinie z przemoc\u0105, nadu\u017cyciami fizycznymi, seksualnymi i emocjonalnymi. To grupa r\u00f3wnie\u017c dla os\u00f3b, kt\u00f3re maj\u0105 trudno\u015bci w obecnym doros\u0142ym \u017cyciu i ich \u017ar\u00f3d\u0142o dostrzegaj\u0105 w wychowywaniu si\u0119 w &hellip; <a href=\"http:\/\/www.wiolettaborkowska.pl\/?page_id=18\" class=\"more-link\">Czytaj dalej <span class=\"screen-reader-text\">Aktualno\u015bci<\/span> <span class=\"meta-nav\">&rarr;<\/span><\/a><\/p>\n","protected":false},"author":1,"featured_media":0,"parent":0,"menu_order":0,"comment_status":"closed","ping_status":"closed","template":"","meta":{"footnotes":""},"_links":{"self":[{"href":"http:\/\/www.wiolettaborkowska.pl\/index.php?rest_route=\/wp\/v2\/pages\/18"}],"collection":[{"href":"http:\/\/www.wiolettaborkowska.pl\/index.php?rest_route=\/wp\/v2\/pages"}],"about":[{"href":"http:\/\/www.wiolettaborkowska.pl\/index.php?rest_route=\/wp\/v2\/types\/page"}],"author":[{"embeddable":true,"href":"http:\/\/www.wiolettaborkowska.pl\/index.php?rest_route=\/wp\/v2\/users\/1"}],"replies":[{"embeddable":true,"href":"http:\/\/www.wiolettaborkowska.pl\/index.php?rest_route=%2Fwp%2Fv2%2Fcomments&post=18"}],"version-history":[{"count":2,"href":"http:\/\/www.wiolettaborkowska.pl\/index.php?rest_route=\/wp\/v2\/pages\/18\/revisions"}],"predecessor-version":[{"id":24,"href":"http:\/\/www.wiolettaborkowska.pl\/index.php?rest_route=\/wp\/v2\/pages\/18\/revisions\/24"}],"wp:attachment":[{"href":"http:\/\/www.wiolettaborkowska.pl\/index.php?rest_route=%2Fwp%2Fv2%2Fmedia&parent=18"}],"curies":[{"name":"wp","href":"https:\/\/api.w.org\/{rel}","templated":true}]}}