{"id":30,"date":"2023-03-14T20:58:36","date_gmt":"2023-03-14T20:58:36","guid":{"rendered":"http:\/\/www.wiolettaborkowska.pl\/?page_id=30"},"modified":"2023-03-14T21:06:12","modified_gmt":"2023-03-14T21:06:12","slug":"oferta","status":"publish","type":"page","link":"http:\/\/www.wiolettaborkowska.pl\/","title":{"rendered":"Oferta"},"content":{"rendered":"\n<p>Prowadz\u0119 psychoterapi\u0119 indywidualn\u0105 oraz treningi relaksacyjne. W swojej pracy pomagam osobom:<\/p>\n\n\n\n<ul>\n<li>uzale\u017cnionym od alkoholu, narkotyk\u00f3w i hazardu;<\/li>\n\n\n\n<li>do\u015bwiadczaj\u0105cych stan\u00f3w l\u0119kowych i depresyjnych;<\/li>\n\n\n\n<li>uwik\u0142anym w trudn\u0105 relacj\u0119 z partnerem (tzw. wsp\u00f3\u0142uzale\u017cnienie);<\/li>\n\n\n\n<li>borykaj\u0105cym si\u0119 z problemami z przesz\u0142o\u015bci (np. Doros\u0142e Dzieci Alkoholik\u00f3w, osoby z rodzin dysfunkcyjnych);<\/li>\n\n\n\n<li>z zaburzeniami osobowo\u015bci;<\/li>\n\n\n\n<li>w kryzysach \u017cyciowych;<\/li>\n\n\n\n<li>z zaburzeniami od\u017cywiania;<\/li>\n\n\n\n<li>po silnych traumach i do\u015bwiadczeniach urazowych;<\/li>\n\n\n\n<li>maj\u0105cym trudno\u015bci z asertywnym radzeniem sobie w r\u00f3\u017cnych sytuacjach \u017cyciowych;<\/li>\n\n\n\n<li>maj\u0105cym trudno\u015bci w roz\u0142adowaniu napi\u0119\u0107 emocjonalnych i radzeniu sobie ze stresem;<\/li>\n\n\n\n<li>maj\u0105cym trudno\u015b\u0107 w radzeniu sobie ze z\u0142o\u015bci\u0105 (t\u0142umieniem jej lub impulsywnymi wybuchami).<\/li>\n<\/ul>\n","protected":false},"excerpt":{"rendered":"<p>Prowadz\u0119 psychoterapi\u0119 indywidualn\u0105 oraz treningi relaksacyjne. W swojej pracy pomagam osobom:<\/p>\n","protected":false},"author":1,"featured_media":0,"parent":0,"menu_order":0,"comment_status":"closed","ping_status":"closed","template":"","meta":{"footnotes":""},"_links":{"self":[{"href":"http:\/\/www.wiolettaborkowska.pl\/index.php?rest_route=\/wp\/v2\/pages\/30"}],"collection":[{"href":"http:\/\/www.wiolettaborkowska.pl\/index.php?rest_route=\/wp\/v2\/pages"}],"about":[{"href":"http:\/\/www.wiolettaborkowska.pl\/index.php?rest_route=\/wp\/v2\/types\/page"}],"author":[{"embeddable":true,"href":"http:\/\/www.wiolettaborkowska.pl\/index.php?rest_route=\/wp\/v2\/users\/1"}],"replies":[{"embeddable":true,"href":"http:\/\/www.wiolettaborkowska.pl\/index.php?rest_route=%2Fwp%2Fv2%2Fcomments&post=30"}],"version-history":[{"count":1,"href":"http:\/\/www.wiolettaborkowska.pl\/index.php?rest_route=\/wp\/v2\/pages\/30\/revisions"}],"predecessor-version":[{"id":31,"href":"http:\/\/www.wiolettaborkowska.pl\/index.php?rest_route=\/wp\/v2\/pages\/30\/revisions\/31"}],"wp:attachment":[{"href":"http:\/\/www.wiolettaborkowska.pl\/index.php?rest_route=%2Fwp%2Fv2%2Fmedia&parent=30"}],"curies":[{"name":"wp","href":"https:\/\/api.w.org\/{rel}","templated":true}]}}